{"id":44,"date":"2022-02-15T13:05:52","date_gmt":"2022-02-15T12:05:52","guid":{"rendered":"https:\/\/www.myjeedhome.ovh\/?page_id=44"},"modified":"2023-04-16T10:10:20","modified_gmt":"2023-04-16T08:10:20","slug":"membres","status":"publish","type":"page","link":"https:\/\/www.psychopathoado-bordeaux.fr\/index.php\/membres\/","title":{"rendered":"Membres"},"content":{"rendered":"\t\t<div data-elementor-type=\"wp-page\" data-elementor-id=\"44\" class=\"elementor elementor-44\" data-elementor-post-type=\"page\">\n\t\t\t\t\t\t<section class=\"elementor-section elementor-top-section elementor-element elementor-element-671fde3 elementor-section-boxed elementor-section-height-default elementor-section-height-default\" data-id=\"671fde3\" data-element_type=\"section\">\n\t\t\t\t\t\t<div class=\"elementor-container elementor-column-gap-default\">\n\t\t\t\t\t<div class=\"elementor-column elementor-col-100 elementor-top-column elementor-element elementor-element-046bb65\" data-id=\"046bb65\" data-element_type=\"column\">\n\t\t\t<div class=\"elementor-widget-wrap elementor-element-populated\">\n\t\t\t\t\t\t<div class=\"elementor-element elementor-element-eed9d3e elementor-grid-3 elementor-grid-tablet-2 elementor-grid-mobile-1 elementor-posts--thumbnail-top elementor-posts--show-avatar elementor-card-shadow-yes elementor-posts__hover-gradient elementor-widget elementor-widget-posts\" data-id=\"eed9d3e\" data-element_type=\"widget\" data-settings=\"{&quot;cards_masonry&quot;:&quot;yes&quot;,&quot;cards_columns&quot;:&quot;3&quot;,&quot;cards_columns_tablet&quot;:&quot;2&quot;,&quot;cards_columns_mobile&quot;:&quot;1&quot;,&quot;cards_row_gap&quot;:{&quot;unit&quot;:&quot;px&quot;,&quot;size&quot;:35,&quot;sizes&quot;:[]},&quot;cards_row_gap_tablet&quot;:{&quot;unit&quot;:&quot;px&quot;,&quot;size&quot;:&quot;&quot;,&quot;sizes&quot;:[]},&quot;cards_row_gap_mobile&quot;:{&quot;unit&quot;:&quot;px&quot;,&quot;size&quot;:&quot;&quot;,&quot;sizes&quot;:[]}}\" data-widget_type=\"posts.cards\">\n\t\t\t\t<div class=\"elementor-widget-container\">\n\t\t\t\t\t\t\t<div class=\"elementor-posts-container elementor-posts elementor-posts--skin-cards elementor-grid\" role=\"list\">\n\t\t\t\t<article class=\"elementor-post elementor-grid-item post-255 post type-post status-publish format-standard hentry category-membres category-secretaire-general\" role=\"listitem\">\n\t\t\t<div class=\"elementor-post__card\">\n\t\t\t\t<div class=\"elementor-post__text\">\n\t\t\t\t<h3 class=\"elementor-post__title\">\n\t\t\t<a href=\"https:\/\/www.psychopathoado-bordeaux.fr\/index.php\/2021\/07\/01\/jean-claude-bourdet\/\" >\n\t\t\t\tDocteur Jean-Claude BOURDET, psychiatre\t\t\t<\/a>\n\t\t<\/h3>\n\t\t\t\t<div class=\"elementor-post__excerpt\">\n\t\t\t<p>44 Rue de Tivoli 33000 BORDEAUX &#8211; T\u00e9l : 05.56.08.60.21<\/p>\n\t\t<\/div>\n\t\t\t\t<\/div>\n\t\t\t\t\t<\/div>\n\t\t<\/article>\n\t\t\t\t<article class=\"elementor-post elementor-grid-item post-238 post type-post status-publish format-standard hentry category-membres\" role=\"listitem\">\n\t\t\t<div class=\"elementor-post__card\">\n\t\t\t\t<div class=\"elementor-post__text\">\n\t\t\t\t<h3 class=\"elementor-post__title\">\n\t\t\t<a href=\"https:\/\/www.psychopathoado-bordeaux.fr\/index.php\/2021\/07\/01\/dr-castay-nathalie\/\" >\n\t\t\t\tDocteur Nathalie CASTAY, psychiatre\t\t\t<\/a>\n\t\t<\/h3>\n\t\t\t\t<div class=\"elementor-post__excerpt\">\n\t\t\t<p>3 place Valmy&nbsp;33000 BORDEAUX &#8211;&nbsp;05.56.08.42.37<\/p>\n\t\t<\/div>\n\t\t\t\t<\/div>\n\t\t\t\t\t<\/div>\n\t\t<\/article>\n\t\t\t\t<article class=\"elementor-post elementor-grid-item post-253 post type-post status-publish format-standard hentry category-membres category-vice-president\" role=\"listitem\">\n\t\t\t<div class=\"elementor-post__card\">\n\t\t\t\t<div class=\"elementor-post__text\">\n\t\t\t\t<h3 class=\"elementor-post__title\">\n\t\t\t<a href=\"https:\/\/www.psychopathoado-bordeaux.fr\/index.php\/2021\/07\/01\/emmanuelle-caule\/\" >\n\t\t\t\tMme Emmanuelle CAULE, psychologue clinicienne\t\t\t<\/a>\n\t\t<\/h3>\n\t\t\t\t<div class=\"elementor-post__excerpt\">\n\t\t\t<p>27, Avenue Ph\u00e9nix Haut-Brion 33600 Pessac &#8211; T\u00e9l : 06.87.55.42.35<\/p>\n\t\t<\/div>\n\t\t\t\t<\/div>\n\t\t\t\t\t<\/div>\n\t\t<\/article>\n\t\t\t\t<article class=\"elementor-post elementor-grid-item post-240 post type-post status-publish format-standard hentry category-membres category-president\" role=\"listitem\">\n\t\t\t<div class=\"elementor-post__card\">\n\t\t\t\t<div class=\"elementor-post__text\">\n\t\t\t\t<h3 class=\"elementor-post__title\">\n\t\t\t<a href=\"https:\/\/www.psychopathoado-bordeaux.fr\/index.php\/2021\/07\/01\/dr-fabre-jean-luc\/\" >\n\t\t\t\tDocteur Jean-Luc FABRE, psychiatre, option psychiatrie de l&rsquo;enfant et de l&rsquo;alolescent\t\t\t<\/a>\n\t\t<\/h3>\n\t\t\t\t<div class=\"elementor-post__excerpt\">\n\t\t\t<p>11 rue du Chai des Farines 33000 BORDEAUX &#8211; Courriel\u00a0: jl.fabre@orange.fr &#8211; T\u00e9l : 05.56.44.45.84<\/p>\n\t\t<\/div>\n\t\t\t\t<\/div>\n\t\t\t\t\t<\/div>\n\t\t<\/article>\n\t\t\t\t<article class=\"elementor-post elementor-grid-item post-781 post type-post status-publish format-standard hentry category-membres\" role=\"listitem\">\n\t\t\t<div class=\"elementor-post__card\">\n\t\t\t\t<div class=\"elementor-post__text\">\n\t\t\t\t<h3 class=\"elementor-post__title\">\n\t\t\t<a href=\"https:\/\/www.psychopathoado-bordeaux.fr\/index.php\/2021\/07\/01\/m-olivier-grondin\/\" >\n\t\t\t\tM Olivier GRONDIN, ma\u00eetre de conf\u00e9rence en psychologie clinique et psychopathologie\t\t\t<\/a>\n\t\t<\/h3>\n\t\t\t\t<div class=\"elementor-post__excerpt\">\n\t\t\t<p>1, Rue d\u2019Enghien 33000 Bordeaux &#8211; T\u00e9l : 06.98.72.33.00<\/p>\n\t\t<\/div>\n\t\t\t\t<\/div>\n\t\t\t\t\t<\/div>\n\t\t<\/article>\n\t\t\t\t<article class=\"elementor-post elementor-grid-item post-259 post type-post status-publish format-standard hentry category-membres category-tresorier\" role=\"listitem\">\n\t\t\t<div class=\"elementor-post__card\">\n\t\t\t\t<div class=\"elementor-post__text\">\n\t\t\t\t<h3 class=\"elementor-post__title\">\n\t\t\t<a href=\"https:\/\/www.psychopathoado-bordeaux.fr\/index.php\/2021\/07\/01\/jean-pierre-leymarie\/\" >\n\t\t\t\tM Jean-Pierre LEYMARIE, psychologue clinicien\t\t\t<\/a>\n\t\t<\/h3>\n\t\t\t\t<div class=\"elementor-post__excerpt\">\n\t\t\t<p>Apt 509, B\u00e2t E R\u00e9sidence du Parc &#8211; 50, Cours du G\u00e9n\u00e9ral de Gaulle &#8211; 33170 Gradignan &#8211; T\u00e9l : 06.13.21.03.25<\/p>\n\t\t<\/div>\n\t\t\t\t<\/div>\n\t\t\t\t\t<\/div>\n\t\t<\/article>\n\t\t\t\t<article class=\"elementor-post elementor-grid-item post-242 post type-post status-publish format-standard hentry category-conseille-scientifique category-membres\" role=\"listitem\">\n\t\t\t<div class=\"elementor-post__card\">\n\t\t\t\t<div class=\"elementor-post__text\">\n\t\t\t\t<h3 class=\"elementor-post__title\">\n\t\t\t<a href=\"https:\/\/www.psychopathoado-bordeaux.fr\/index.php\/2021\/07\/01\/dr-picard-jean\/\" >\n\t\t\t\tDocteur Jean PICARD, neuropsychiatre\t\t\t<\/a>\n\t\t<\/h3>\n\t\t\t\t<div class=\"elementor-post__excerpt\">\n\t\t\t<p>2 rue du Bocage 33200 BORDEAUX &#8211; Courriel\u00a0: picard_jean@orange.fr &#8211; 05.56.08.35.01<\/p>\n\t\t<\/div>\n\t\t\t\t<\/div>\n\t\t\t\t\t<\/div>\n\t\t<\/article>\n\t\t\t\t<article class=\"elementor-post elementor-grid-item post-257 post type-post status-publish format-standard hentry category-membres category-secretaire-general-adjoint\" role=\"listitem\">\n\t\t\t<div class=\"elementor-post__card\">\n\t\t\t\t<div class=\"elementor-post__text\">\n\t\t\t\t<h3 class=\"elementor-post__title\">\n\t\t\t<a href=\"https:\/\/www.psychopathoado-bordeaux.fr\/index.php\/2021\/07\/01\/emmanuel-rocchesani\/\" >\n\t\t\t\tDocteur Emmanuel ROCCHESANI, p\u00e9dopsychiatre et psychiatre\t\t\t<\/a>\n\t\t<\/h3>\n\t\t\t\t<div class=\"elementor-post__excerpt\">\n\t\t\t<p>2, Place Louis Barthou 33000 Bordeaux &#8211; Courriel\u00a0: e.rocchesani@outlook.fr &#8211; 05.56.49.60.03\u00a0<\/p>\n\t\t<\/div>\n\t\t\t\t<\/div>\n\t\t\t\t\t<\/div>\n\t\t<\/article>\n\t\t\t\t<article class=\"elementor-post elementor-grid-item post-244 post type-post status-publish format-standard hentry category-conseille-scientifique category-membres\" role=\"listitem\">\n\t\t\t<div class=\"elementor-post__card\">\n\t\t\t\t<div class=\"elementor-post__text\">\n\t\t\t\t<h3 class=\"elementor-post__title\">\n\t\t\t<a href=\"https:\/\/www.psychopathoado-bordeaux.fr\/index.php\/2021\/07\/01\/mme-slomska-schmitt-marzena\/\" >\n\t\t\t\tMme Marzena SLOMSKA-SCHMITT, psychologue clinicienne\t\t\t<\/a>\n\t\t<\/h3>\n\t\t\t\t<div class=\"elementor-post__excerpt\">\n\t\t\t<p>64 bd du Pr\u00e9sident Wilson 33000 BORDEAUX &#8211; Courriel\u00a0: marzena.slomska-schmitt@orange.fr &#8211; T\u00e9l : 05.56.96.00.52<\/p>\n\t\t<\/div>\n\t\t\t\t<\/div>\n\t\t\t\t\t<\/div>\n\t\t<\/article>\n\t\t\t\t<article class=\"elementor-post elementor-grid-item post-1444 post type-post status-publish format-standard hentry category-membres\" role=\"listitem\">\n\t\t\t<div class=\"elementor-post__card\">\n\t\t\t\t<div class=\"elementor-post__text\">\n\t\t\t\t<h3 class=\"elementor-post__title\">\n\t\t\t<a href=\"https:\/\/www.psychopathoado-bordeaux.fr\/index.php\/2023\/04\/13\/monsieur-julien-muzard-psychologue-clinicien\/\" >\n\t\t\t\tM Julien MUZARD, psychologue clinicien\t\t\t<\/a>\n\t\t<\/h3>\n\t\t\t\t<div class=\"elementor-post__excerpt\">\n\t\t\t<p>155 bd Albert 1er, 33130 BEGLES &#8211; jmuzard@numericable.fr &#8211; 06.60.58.27.66<\/p>\n\t\t<\/div>\n\t\t\t\t<\/div>\n\t\t\t\t\t<\/div>\n\t\t<\/article>\n\t\t\t\t<article class=\"elementor-post elementor-grid-item post-1447 post type-post status-publish format-standard hentry category-membres\" role=\"listitem\">\n\t\t\t<div class=\"elementor-post__card\">\n\t\t\t\t<div class=\"elementor-post__text\">\n\t\t\t\t<h3 class=\"elementor-post__title\">\n\t\t\t<a href=\"https:\/\/www.psychopathoado-bordeaux.fr\/index.php\/2023\/04\/13\/mme-claude-etienne-psychologue-clinicienne\/\" >\n\t\t\t\tMme Claude ETIENNE, Psychologue clinicienne\t\t\t<\/a>\n\t\t<\/h3>\n\t\t\t\t<div class=\"elementor-post__excerpt\">\n\t\t\t<p>64 bis cours Gambetta, 33850 L\u00c9OGNAN &#8211; 05.56.87.09.62<\/p>\n\t\t<\/div>\n\t\t\t\t<\/div>\n\t\t\t\t\t<\/div>\n\t\t<\/article>\n\t\t\t\t<article class=\"elementor-post elementor-grid-item post-1449 post type-post status-publish format-standard hentry category-membres\" role=\"listitem\">\n\t\t\t<div class=\"elementor-post__card\">\n\t\t\t\t<div class=\"elementor-post__text\">\n\t\t\t\t<h3 class=\"elementor-post__title\">\n\t\t\t<a href=\"https:\/\/www.psychopathoado-bordeaux.fr\/index.php\/2023\/04\/13\/docteur-jeanne-payet-mathet-psychiatre\/\" >\n\t\t\t\tDocteur Jeanne PAYET-MATHET, psychiatre\t\t\t<\/a>\n\t\t<\/h3>\n\t\t\t\t<div class=\"elementor-post__excerpt\">\n\t\t\t<p>272 Av. de la R\u00e9publique, 33200 Bordeaux &#8211; 05 56 96 39 31<\/p>\n\t\t<\/div>\n\t\t\t\t<\/div>\n\t\t\t\t\t<\/div>\n\t\t<\/article>\n\t\t\t\t<article class=\"elementor-post elementor-grid-item post-1460 post type-post status-publish format-standard hentry category-membres\" role=\"listitem\">\n\t\t\t<div class=\"elementor-post__card\">\n\t\t\t\t<div class=\"elementor-post__text\">\n\t\t\t\t<h3 class=\"elementor-post__title\">\n\t\t\t<a href=\"https:\/\/www.psychopathoado-bordeaux.fr\/index.php\/2023\/04\/16\/donatienne-van-den-bulke\/\" >\n\t\t\t\tMme Donatienne Van Den Bulke\t\t\t<\/a>\n\t\t<\/h3>\n\t\t\t\t<div class=\"elementor-post__excerpt\">\n\t\t\t<p>Psychologue clinicienne &#8211; 27, Rue du Petit Goave. 33000 Bordeaux &#8211; d.vandenbulke.psychologue@gmail.com&nbsp;&#8211; 0646370106<\/p>\n\t\t<\/div>\n\t\t\t\t<\/div>\n\t\t\t\t\t<\/div>\n\t\t<\/article>\n\t\t\t\t<\/div>\n\t\t\n\t\t\t\t\t\t<\/div>\n\t\t\t\t<\/div>\n\t\t\t\t\t<\/div>\n\t\t<\/div>\n\t\t\t\t\t<\/div>\n\t\t<\/section>\n\t\t\t\t<section class=\"elementor-section elementor-top-section elementor-element elementor-element-18dc944 elementor-section-boxed elementor-section-height-default elementor-section-height-default\" data-id=\"18dc944\" data-element_type=\"section\">\n\t\t\t\t\t\t<div class=\"elementor-container elementor-column-gap-default\">\n\t\t\t\t\t<div class=\"elementor-column elementor-col-100 elementor-top-column elementor-element elementor-element-d64c585\" data-id=\"d64c585\" data-element_type=\"column\">\n\t\t\t<div class=\"elementor-widget-wrap elementor-element-populated\">\n\t\t\t\t\t\t<div class=\"elementor-element elementor-element-87c5d25 elementor-widget elementor-widget-spacer\" data-id=\"87c5d25\" data-element_type=\"widget\" data-widget_type=\"spacer.default\">\n\t\t\t\t<div class=\"elementor-widget-container\">\n\t\t\t\t\t\t\t<div class=\"elementor-spacer\">\n\t\t\t<div class=\"elementor-spacer-inner\"><\/div>\n\t\t<\/div>\n\t\t\t\t\t\t<\/div>\n\t\t\t\t<\/div>\n\t\t\t\t\t<\/div>\n\t\t<\/div>\n\t\t\t\t\t<\/div>\n\t\t<\/section>\n\t\t\t\t<\/div>\n\t\t","protected":false},"excerpt":{"rendered":"","protected":false},"author":1,"featured_media":0,"parent":0,"menu_order":0,"comment_status":"closed","ping_status":"closed","template":"","meta":{"footnotes":""},"class_list":["post-44","page","type-page","status-publish","hentry"],"yoast_head":"<!-- This site is optimized with the Yoast SEO plugin v26.2 - https:\/\/yoast.com\/wordpress\/plugins\/seo\/ -->\n<title>Membres - CAPA<\/title>\n<meta name=\"robots\" content=\"index, follow, max-snippet:-1, max-image-preview:large, max-video-preview:-1\" \/>\n<link rel=\"canonical\" href=\"https:\/\/www.psychopathoado-bordeaux.fr\/index.php\/membres\/\" \/>\n<meta property=\"og:locale\" content=\"fr_FR\" \/>\n<meta property=\"og:type\" content=\"article\" \/>\n<meta property=\"og:title\" content=\"Membres - CAPA\" \/>\n<meta property=\"og:url\" content=\"https:\/\/www.psychopathoado-bordeaux.fr\/index.php\/membres\/\" \/>\n<meta property=\"og:site_name\" content=\"CAPA\" \/>\n<meta property=\"article:modified_time\" content=\"2023-04-16T08:10:20+00:00\" \/>\n<meta name=\"twitter:card\" content=\"summary_large_image\" \/>\n<meta name=\"twitter:label1\" content=\"Dur\u00e9e de lecture estim\u00e9e\" \/>\n\t<meta name=\"twitter:data1\" content=\"1 minute\" \/>\n<script type=\"application\/ld+json\" class=\"yoast-schema-graph\">{\"@context\":\"https:\/\/schema.org\",\"@graph\":[{\"@type\":\"WebPage\",\"@id\":\"https:\/\/www.psychopathoado-bordeaux.fr\/index.php\/membres\/\",\"url\":\"https:\/\/www.psychopathoado-bordeaux.fr\/index.php\/membres\/\",\"name\":\"Membres - CAPA\",\"isPartOf\":{\"@id\":\"https:\/\/www.psychopathoado-bordeaux.fr\/#website\"},\"datePublished\":\"2022-02-15T12:05:52+00:00\",\"dateModified\":\"2023-04-16T08:10:20+00:00\",\"breadcrumb\":{\"@id\":\"https:\/\/www.psychopathoado-bordeaux.fr\/index.php\/membres\/#breadcrumb\"},\"inLanguage\":\"fr-FR\",\"potentialAction\":[{\"@type\":\"ReadAction\",\"target\":[\"https:\/\/www.psychopathoado-bordeaux.fr\/index.php\/membres\/\"]}]},{\"@type\":\"BreadcrumbList\",\"@id\":\"https:\/\/www.psychopathoado-bordeaux.fr\/index.php\/membres\/#breadcrumb\",\"itemListElement\":[{\"@type\":\"ListItem\",\"position\":1,\"name\":\"Accueil\",\"item\":\"https:\/\/www.psychopathoado-bordeaux.fr\/\"},{\"@type\":\"ListItem\",\"position\":2,\"name\":\"Membres\"}]},{\"@type\":\"WebSite\",\"@id\":\"https:\/\/www.psychopathoado-bordeaux.fr\/#website\",\"url\":\"https:\/\/www.psychopathoado-bordeaux.fr\/\",\"name\":\"CAPA - Coll\u00e8ge Aquitain de Psychopathologie de l'Adolescent\",\"description\":\"Coll\u00e8ge Aquitain de Psychopathologie de l&#039;Adolescent\",\"publisher\":{\"@id\":\"https:\/\/www.psychopathoado-bordeaux.fr\/#organization\"},\"potentialAction\":[{\"@type\":\"SearchAction\",\"target\":{\"@type\":\"EntryPoint\",\"urlTemplate\":\"https:\/\/www.psychopathoado-bordeaux.fr\/?s={search_term_string}\"},\"query-input\":{\"@type\":\"PropertyValueSpecification\",\"valueRequired\":true,\"valueName\":\"search_term_string\"}}],\"inLanguage\":\"fr-FR\"},{\"@type\":\"Organization\",\"@id\":\"https:\/\/www.psychopathoado-bordeaux.fr\/#organization\",\"name\":\"CAPA - Coll\u00e8ge Aquitain de Psychopathologie de l'Adolescent\",\"url\":\"https:\/\/www.psychopathoado-bordeaux.fr\/\",\"logo\":{\"@type\":\"ImageObject\",\"inLanguage\":\"fr-FR\",\"@id\":\"https:\/\/www.psychopathoado-bordeaux.fr\/#\/schema\/logo\/image\/\",\"url\":\"https:\/\/www.psychopathoado-bordeaux.fr\/wp-content\/uploads\/2022\/02\/logo-true-blue3-1.png\",\"contentUrl\":\"https:\/\/www.psychopathoado-bordeaux.fr\/wp-content\/uploads\/2022\/02\/logo-true-blue3-1.png\",\"width\":301,\"height\":300,\"caption\":\"CAPA - Coll\u00e8ge Aquitain de Psychopathologie de l'Adolescent\"},\"image\":{\"@id\":\"https:\/\/www.psychopathoado-bordeaux.fr\/#\/schema\/logo\/image\/\"}}]}<\/script>\n<!-- \/ Yoast SEO plugin. -->","yoast_head_json":{"title":"Membres - CAPA","robots":{"index":"index","follow":"follow","max-snippet":"max-snippet:-1","max-image-preview":"max-image-preview:large","max-video-preview":"max-video-preview:-1"},"canonical":"https:\/\/www.psychopathoado-bordeaux.fr\/index.php\/membres\/","og_locale":"fr_FR","og_type":"article","og_title":"Membres - CAPA","og_url":"https:\/\/www.psychopathoado-bordeaux.fr\/index.php\/membres\/","og_site_name":"CAPA","article_modified_time":"2023-04-16T08:10:20+00:00","twitter_card":"summary_large_image","twitter_misc":{"Dur\u00e9e de lecture estim\u00e9e":"1 minute"},"schema":{"@context":"https:\/\/schema.org","@graph":[{"@type":"WebPage","@id":"https:\/\/www.psychopathoado-bordeaux.fr\/index.php\/membres\/","url":"https:\/\/www.psychopathoado-bordeaux.fr\/index.php\/membres\/","name":"Membres - CAPA","isPartOf":{"@id":"https:\/\/www.psychopathoado-bordeaux.fr\/#website"},"datePublished":"2022-02-15T12:05:52+00:00","dateModified":"2023-04-16T08:10:20+00:00","breadcrumb":{"@id":"https:\/\/www.psychopathoado-bordeaux.fr\/index.php\/membres\/#breadcrumb"},"inLanguage":"fr-FR","potentialAction":[{"@type":"ReadAction","target":["https:\/\/www.psychopathoado-bordeaux.fr\/index.php\/membres\/"]}]},{"@type":"BreadcrumbList","@id":"https:\/\/www.psychopathoado-bordeaux.fr\/index.php\/membres\/#breadcrumb","itemListElement":[{"@type":"ListItem","position":1,"name":"Accueil","item":"https:\/\/www.psychopathoado-bordeaux.fr\/"},{"@type":"ListItem","position":2,"name":"Membres"}]},{"@type":"WebSite","@id":"https:\/\/www.psychopathoado-bordeaux.fr\/#website","url":"https:\/\/www.psychopathoado-bordeaux.fr\/","name":"CAPA - Coll\u00e8ge Aquitain de Psychopathologie de l'Adolescent","description":"Coll\u00e8ge Aquitain de Psychopathologie de l&#039;Adolescent","publisher":{"@id":"https:\/\/www.psychopathoado-bordeaux.fr\/#organization"},"potentialAction":[{"@type":"SearchAction","target":{"@type":"EntryPoint","urlTemplate":"https:\/\/www.psychopathoado-bordeaux.fr\/?s={search_term_string}"},"query-input":{"@type":"PropertyValueSpecification","valueRequired":true,"valueName":"search_term_string"}}],"inLanguage":"fr-FR"},{"@type":"Organization","@id":"https:\/\/www.psychopathoado-bordeaux.fr\/#organization","name":"CAPA - Coll\u00e8ge Aquitain de Psychopathologie de l'Adolescent","url":"https:\/\/www.psychopathoado-bordeaux.fr\/","logo":{"@type":"ImageObject","inLanguage":"fr-FR","@id":"https:\/\/www.psychopathoado-bordeaux.fr\/#\/schema\/logo\/image\/","url":"https:\/\/www.psychopathoado-bordeaux.fr\/wp-content\/uploads\/2022\/02\/logo-true-blue3-1.png","contentUrl":"https:\/\/www.psychopathoado-bordeaux.fr\/wp-content\/uploads\/2022\/02\/logo-true-blue3-1.png","width":301,"height":300,"caption":"CAPA - Coll\u00e8ge Aquitain de Psychopathologie de l'Adolescent"},"image":{"@id":"https:\/\/www.psychopathoado-bordeaux.fr\/#\/schema\/logo\/image\/"}}]}},"_links":{"self":[{"href":"https:\/\/www.psychopathoado-bordeaux.fr\/index.php\/wp-json\/wp\/v2\/pages\/44","targetHints":{"allow":["GET"]}}],"collection":[{"href":"https:\/\/www.psychopathoado-bordeaux.fr\/index.php\/wp-json\/wp\/v2\/pages"}],"about":[{"href":"https:\/\/www.psychopathoado-bordeaux.fr\/index.php\/wp-json\/wp\/v2\/types\/page"}],"author":[{"embeddable":true,"href":"https:\/\/www.psychopathoado-bordeaux.fr\/index.php\/wp-json\/wp\/v2\/users\/1"}],"replies":[{"embeddable":true,"href":"https:\/\/www.psychopathoado-bordeaux.fr\/index.php\/wp-json\/wp\/v2\/comments?post=44"}],"version-history":[{"count":43,"href":"https:\/\/www.psychopathoado-bordeaux.fr\/index.php\/wp-json\/wp\/v2\/pages\/44\/revisions"}],"predecessor-version":[{"id":1466,"href":"https:\/\/www.psychopathoado-bordeaux.fr\/index.php\/wp-json\/wp\/v2\/pages\/44\/revisions\/1466"}],"wp:attachment":[{"href":"https:\/\/www.psychopathoado-bordeaux.fr\/index.php\/wp-json\/wp\/v2\/media?parent=44"}],"curies":[{"name":"wp","href":"https:\/\/api.w.org\/{rel}","templated":true}]}}