{"id":990,"date":"2022-07-03T15:25:14","date_gmt":"2022-07-03T13:25:14","guid":{"rendered":"https:\/\/www.psychopathoado-bordeaux.fr\/?page_id=990"},"modified":"2022-07-03T15:40:01","modified_gmt":"2022-07-03T13:40:01","slug":"mentions-legales","status":"publish","type":"page","link":"https:\/\/www.psychopathoado-bordeaux.fr\/index.php\/mentions-legales\/","title":{"rendered":"Mentions l\u00e9gales"},"content":{"rendered":"\t\t<div data-elementor-type=\"wp-page\" data-elementor-id=\"990\" class=\"elementor elementor-990\" data-elementor-post-type=\"page\">\n\t\t\t\t\t\t<section class=\"elementor-section elementor-top-section elementor-element elementor-element-70b27162 elementor-section-boxed elementor-section-height-default elementor-section-height-default\" data-id=\"70b27162\" data-element_type=\"section\">\n\t\t\t\t\t\t<div class=\"elementor-container elementor-column-gap-default\">\n\t\t\t\t\t<div class=\"elementor-column elementor-col-100 elementor-top-column elementor-element elementor-element-16c276b3\" data-id=\"16c276b3\" data-element_type=\"column\">\n\t\t\t<div class=\"elementor-widget-wrap elementor-element-populated\">\n\t\t\t\t\t\t<div class=\"elementor-element elementor-element-4359cf4f elementor-widget elementor-widget-text-editor\" data-id=\"4359cf4f\" data-element_type=\"widget\" data-widget_type=\"text-editor.default\">\n\t\t\t\t<div class=\"elementor-widget-container\">\n\t\t\t\t\t\t\t\t\t<p><\/p>\n<h4 class=\"wp-block-heading\"><span style=\"color: var( --e-global-color-text ); font-family: var( --e-global-typography-text-font-family ), Sans-serif; font-weight: var( --e-global-typography-text-font-weight ); font-size: 1rem;\">Conform\u00e9ment aux dispositions des Articles 6-III et 19 de la Loi n\u00b02004-575 du 21 juin 2004 pour la Confiance dans l\u2019\u00e9conomie num\u00e9rique, dite L.C.E.N., il est port\u00e9 \u00e0 la connaissance des utilisateurs et visiteurs, ci-apr\u00e8s l\u2019 &nbsp;\u00abUtilisateur&nbsp;\u00bb, du site <\/span><a style=\"font-family: var( --e-global-typography-text-font-family ), Sans-serif; font-weight: var( --e-global-typography-text-font-weight ); background-color: #fcfcfc; font-size: 1rem;\" href=\"https:\/\/www.psychopathoado-bordeaux.fr\">https:\/\/www.psychopathoado-bordeaux.fr<\/a><span style=\"color: var( --e-global-color-text ); font-family: var( --e-global-typography-text-font-family ), Sans-serif; font-weight: var( --e-global-typography-text-font-weight ); font-size: 1rem;\">, ci-apr\u00e8s le \u00ab\u00a0Site\u00a0\u00bb, les pr\u00e9sentes mentions l\u00e9gales.<\/span><\/h4>\n<p><\/p>\n<p><\/p>\n<p><strong>La connexion et la navigation sur le Site par l\u2019Utilisateur implique l&rsquo;<\/strong><strong>acceptation int\u00e9grale et sans r\u00e9serve des pr\u00e9sentes mentions l\u00e9gales.<\/strong><\/p>\n<p><\/p>\n<p><\/p>\n<p>Ces derni\u00e8res sont accessibles sur le Site \u00e0 la rubrique \u00ab Mentions l\u00e9gales \u00bb.<\/p>\n<p><\/p>\n<p><\/p>\n<h3 class=\"wp-block-heading\">ARTICLE 1 &#8211; L&rsquo;EDITEUR<\/h3>\n<p><\/p>\n<p><\/p>\n<p>L&rsquo;\u00e9dition du Site est assur\u00e9e par Euclide informatique auto-entreprise immatricul\u00e9e au Registre du Commerce et des Soci\u00e9t\u00e9s de BORDEAUX sous le num\u00e9ro 90138130100018 et dont le si\u00e8ge social est situ\u00e9 au 72 RUE DES FAURES,<\/p>\n<p><\/p>\n<p><\/p>\n<p>Num\u00e9ro de t\u00e9l\u00e9phone 0608973795,<\/p>\n<p><\/p>\n<p><\/p>\n<p>Adresse e-mail : <a href=\"mailto:contact@euclide-informatique.fr\">contact@euclide-informatique.fr<\/a><\/p>\n<p><\/p>\n<p><\/p>\n<p>Le Directeur de la publication est Jonathan Bouanani.<\/p>\n<p><\/p>\n<p><\/p>\n<p>Ci-apr\u00e8s l&rsquo; \u00ab\u00a0Editeur\u00a0\u00bb<\/p>\n<p><\/p>\n<p><\/p>\n<h4 class=\"wp-block-heading\">ARTICLE 2 &#8211; L&rsquo;HEBERGEUR<\/h4>\n<p><\/p>\n<p><\/p>\n<p>L&rsquo;h\u00e9bergeur du Site est la soci\u00e9t\u00e9 OVH SAS, dont le si\u00e8ge social est situ\u00e9 au 2 rue Kellermann \u2013 BP 80157 59053 ROUBAIX CEDEX 1.<\/p>\n<p><\/p>\n<p><\/p>\n<h4 class=\"wp-block-heading\">ARTICLE 3 &#8211; ACCES AU SITE<\/h4>\n<p><\/p>\n<p><\/p>\n<p>Le Site est accessible en tout endroit, 7j\/7, 24h\/24 sauf cas de force majeure, interruption programm\u00e9e ou non et pouvant d\u00e9coulant d\u2019une n\u00e9cessit\u00e9 de maintenance.<\/p>\n<p><\/p>\n<p><\/p>\n<p>En cas de modification, interruption ou suspension du Site, l&rsquo;Editeur ne saurait \u00eatre tenu responsable.<\/p>\n<p><\/p>\n<p><\/p>\n<h4 class=\"wp-block-heading\">ARTICLE 4 &#8211; COLLECTE DES DONNEES<\/h4>\n<p><\/p>\n<p><\/p>\n<p>Le Site assure \u00e0 l&rsquo;Utilisateur une collecte et un traitement d&rsquo;informations personnelles dans le respect de la vie priv\u00e9e conform\u00e9ment \u00e0 la loi n\u00b078-17 du 6 janvier 1978 relative \u00e0 l&rsquo;informatique, aux fichiers et aux libert\u00e9s.<\/p>\n<p><\/p>\n<p><\/p>\n<p>En vertu de la loi Informatique et Libert\u00e9s, en date du 6 janvier 1978, l&rsquo;Utilisateur dispose d&rsquo;un droit d&rsquo;acc\u00e8s, de rectification, de suppression et d&rsquo;opposition de ses donn\u00e9es personnelles. L&rsquo;Utilisateur exerce ce droit :<\/p>\n<p><\/p>\n<p><\/p>\n<p>par mail \u00e0 l&rsquo;adresse email <a href=\"mailto:contact@euclide-informatique.fr\">contact@euclide-informatique.fr<\/a>. Toute utilisation, reproduction, diffusion, commercialisation, modification de toute ou partie du Site, sans autorisation de l\u2019Editeur est prohib\u00e9e et pourra entra\u00een\u00e9e des actions et poursuites judiciaires telles que notamment pr\u00e9vues par le Code de la propri\u00e9t\u00e9 intellectuelle et le Code civil.)&nbsp;<\/p>\n<p><\/p>\n<p><\/p>\n<h4 class=\"wp-block-heading\">Utilisation des donn\u00e9es personnelles collect\u00e9es<\/h4>\n<p><\/p>\n<p><\/p>\n<h6 class=\"wp-block-heading\">Commentaires<\/h6>\n<p><\/p>\n<p><\/p>\n<p>Quand vous laissez un commentaire sur notre site web, les donn\u00e9es inscrites dans le formulaire de commentaire, mais aussi votre adresse IP et l\u2019agent utilisateur de votre navigateur sont collect\u00e9s pour nous aider \u00e0 la d\u00e9tection des commentaires ind\u00e9sirables.<\/p>\n<p><\/p>\n<p><\/p>\n<p>Une cha\u00eene anonymis\u00e9e cr\u00e9\u00e9e \u00e0 partir de votre adresse de messagerie (\u00e9galement appel\u00e9e hash) peut \u00eatre envoy\u00e9e au service Gravatar pour v\u00e9rifier si vous utilisez ce dernier. Les clauses de confidentialit\u00e9 du service Gravatar sont disponibles ici&nbsp;:&nbsp;<a href=\"https:\/\/automattic.com\/privacy\/\">https:\/\/automattic.com\/privacy\/<\/a>. Apr\u00e8s validation de votre commentaire, votre photo de profil sera visible publiquement \u00e0 cot\u00e9 de votre commentaire.<\/p>\n<p><\/p>\n<p><\/p>\n<h6 class=\"wp-block-heading\">M\u00e9dias<\/h6>\n<p><\/p>\n<p><\/p>\n<p>Si vous \u00eates un utilisateur ou une utilisatrice enregistr\u00e9\u00b7e et que vous t\u00e9l\u00e9versez des images sur le site web, nous vous conseillons d\u2019\u00e9viter de t\u00e9l\u00e9verser des images contenant des donn\u00e9es EXIF de coordonn\u00e9es GPS. Les visiteurs de votre site web peuvent t\u00e9l\u00e9charger et extraire des donn\u00e9es de localisation depuis ces images.<\/p>\n<p><\/p>\n<p><\/p>\n<h6 class=\"wp-block-heading\">\u00c0 propos de la politique en mati\u00e8re de cookies<\/h6>\n<p><\/p>\n<p><\/p>\n<p>La pr\u00e9sente politique en mati\u00e8re de cookies explique ce que sont les cookies et comment ils sont utilis\u00e9s, les types de cookies utilis\u00e9s, c&rsquo;est-\u00e0-dire les informations recueillies \u00e0 l&rsquo;aide des cookies et comment ces informations sont utilis\u00e9es, et comment contr\u00f4ler les pr\u00e9f\u00e9rences en mati\u00e8re de cookies. Pour plus d&rsquo;informations sur la mani\u00e8re dont sont utilis\u00e9es, stock\u00e9es et s\u00e9curis\u00e9es vos donn\u00e9es personnelles.<\/p>\n<p><\/p>\n<p><\/p>\n<p>Vous pouvez \u00e0 tout moment modifier ou retirer votre consentement \u00e0 la d\u00e9claration sur les cookies sur notre site web.<\/p>\n<p><\/p>\n<p><\/p>\n<p>Votre consentement s&rsquo;applique aux domaines suivants : <a href=\"https:\/\/www.psychopathoado-bordeaux.fr\/\" data-type=\"page\" data-id=\"53\">psychopathoado-bordeaux.fr<\/a><\/p>\n<p><\/p>\n<p><p><\/p>\n<div class=\"cli_user_consent_state\">Votre \u00e9tat actuel\u00a0: Aucun consentement donn\u00e9. <a class=\"cli_manage_current_consent\" style=\"cursor:pointer;text-decoration:underline;\">G\u00e9rez votre consentement.<\/a> <\/div>\n<p><\/p>\n<\/p>\n<p><\/p>\n<h6 class=\"wp-block-heading\">Que sont les cookies ?<\/h6>\n<p><\/p>\n<p><\/p>\n<p>Les cookies sont de petits fichiers texte qui sont utilis\u00e9s pour stocker de petits \u00e9l\u00e9ments d&rsquo;information. Ils sont stock\u00e9s sur votre appareil lorsque le site web est charg\u00e9 sur votre navigateur. Ces cookies servent \u00e0 faire fonctionner le site web correctement, \u00e0 le rendre plus s\u00fbr, \u00e0 fournir une meilleure exp\u00e9rience utilisateur et \u00e0 comprendre comment le site web fonctionne et \u00e0 analyser ce qui fonctionne et ce qui doit \u00eatre am\u00e9lior\u00e9.<\/p>\n<p><\/p>\n<p><\/p>\n<h6 class=\"wp-block-heading\">Comment sont utilis\u00e9s les cookies ?<\/h6>\n<p><\/p>\n<p><\/p>\n<p>Comme la plupart des services en ligne, ce site web utilise des cookies de premi\u00e8re partie et de tierce partie \u00e0 plusieurs fins. Les cookies de premi\u00e8re partie sont principalement n\u00e9cessaires au bon fonctionnement du site web et ne collectent aucune de vos donn\u00e9es personnelles identifiables.<\/p>\n<p><\/p>\n<p><\/p>\n<p>Les cookies tiers utilis\u00e9s sur ce site web servent principalement \u00e0 comprendre comment le site web fonctionne, comment vous interagissez avec, \u00e0 assurer la s\u00e9curit\u00e9 des services, \u00e0 offrir une meilleure exp\u00e9rience utilisateur, \u00e0 am\u00e9liorer et \u00e0 acc\u00e9l\u00e9rer vos interactions futures avec le site web.<\/p>\n<p><\/p>\n<p><\/p>\n<h6 class=\"wp-block-heading\">Quels types de cookies sont utilis\u00e9s ?<\/h6>\n<p><\/p>\n<p><\/p>\n<p>Essentiel : Certains cookies sont essentiels pour que vous puissiez b\u00e9n\u00e9ficier de toutes les fonctionnalit\u00e9s de ce site. Ils nous permettent de maintenir les sessions des utilisateurs et de pr\u00e9venir toute menace de s\u00e9curit\u00e9. Ils ne collectent ni ne stockent aucune information personnelle. Par exemple, ces cookies vous permettent de vous connecter \u00e0 votre compte et d&rsquo;ajouter des produits \u00e0 votre panier, et de passer \u00e0 la caisse en toute s\u00e9curit\u00e9.<\/p>\n<p><\/p>\n<p><\/p>\n<p>Statistiques : Ces cookies stockent des informations telles que le nombre de visiteurs du site web, le nombre de visiteurs uniques, les pages du site web qui ont \u00e9t\u00e9 visit\u00e9es, la source de la visite, etc. Ces donn\u00e9es nous aident \u00e0 comprendre et \u00e0 analyser les performances du site web et les points \u00e0 am\u00e9liorer.<\/p>\n<p><\/p>\n<p><\/p>\n<p>Fonctionnel : Ce sont les cookies&nbsp;qui aident certaines fonctionnalit\u00e9s non essentielles de ce site web. Ces fonctionnalit\u00e9s comprennent l&rsquo;int\u00e9gration de contenus tels que des vid\u00e9os ou le partage de contenus du site web sur des plateformes de m\u00e9dias sociaux.<\/p>\n<p><\/p>\n<p><\/p>\n<p>Pr\u00e9f\u00e9rences : Ces cookies aident \u00e0 stocker vos param\u00e8tres et pr\u00e9f\u00e9rences de navigation, comme les pr\u00e9f\u00e9rences linguistiques, afin de vous offrir une meilleure exp\u00e9rience et efficace lors de vos prochaines visites sur le site web. Voici les cookies utilis\u00e9s sur ce site web.<\/p>\n<p><\/p>\n<p><p><\/p>\n<p>La liste ci-dessous d\u00e9taille les cookies utilis\u00e9s sur ce site web. (en anglais)<\/p>\n<table class=\"cookielawinfo-row-cat-table cookielawinfo-classic\">\n<thead>\n<tr>\n<th class=\"cookielawinfo-column-1\">Cookie<\/th>\n<th class=\"cookielawinfo-column-4\">Description<\/th>\n<\/tr>\n<\/thead>\n<tbody>\n<tr class=\"cookielawinfo-row\">\n<td class=\"cookielawinfo-column-1\">cookielawinfo-checkbox-analytics<\/td>\n<td class=\"cookielawinfo-column-4\">This cookie is set by GDPR Cookie Consent plugin. The cookie is used to store the user consent for the cookies in the category \u00ab\u00a0Analytics\u00a0\u00bb.<\/td>\n<\/tr>\n<tr class=\"cookielawinfo-row\">\n<td class=\"cookielawinfo-column-1\">cookielawinfo-checkbox-functional<\/td>\n<td class=\"cookielawinfo-column-4\">The cookie is set by GDPR cookie consent to record the user consent for the cookies in the category \u00ab\u00a0Functional\u00a0\u00bb.<\/td>\n<\/tr>\n<tr class=\"cookielawinfo-row\">\n<td class=\"cookielawinfo-column-1\">cookielawinfo-checkbox-necessary<\/td>\n<td class=\"cookielawinfo-column-4\">This cookie is set by GDPR Cookie Consent plugin. The cookies is used to store the user consent for the cookies in the category \u00ab\u00a0Necessary\u00a0\u00bb.<\/td>\n<\/tr>\n<tr class=\"cookielawinfo-row\">\n<td class=\"cookielawinfo-column-1\">cookielawinfo-checkbox-others<\/td>\n<td class=\"cookielawinfo-column-4\">This cookie is set by GDPR Cookie Consent plugin. The cookie is used to store the user consent for the cookies in the category \u00ab\u00a0Other.<\/td>\n<\/tr>\n<tr class=\"cookielawinfo-row\">\n<td class=\"cookielawinfo-column-1\">cookielawinfo-checkbox-performance<\/td>\n<td class=\"cookielawinfo-column-4\">This cookie is set by GDPR Cookie Consent plugin. The cookie is used to store the user consent for the cookies in the category \u00ab\u00a0Performance\u00a0\u00bb.<\/td>\n<\/tr>\n<tr class=\"cookielawinfo-row\">\n<td class=\"cookielawinfo-column-1\">viewed_cookie_policy<\/td>\n<td class=\"cookielawinfo-column-4\">The cookie is set by the GDPR Cookie Consent plugin and is used to store whether or not user has consented to the use of cookies. It does not store any personal data.<\/td>\n<\/tr>\n<\/tbody>\n<\/table>\n<p><\/p>\n<\/p>\n<p><\/p>\n<h4 class=\"wp-block-heading\">Comment puis-je contr\u00f4ler les pr\u00e9f\u00e9rences en mati\u00e8re de cookies ?<\/h4>\n<p><\/p>\n<p><\/p>\n<p>Si vous d\u00e9cidez de modifier vos pr\u00e9f\u00e9rences au cours de votre session de navigation, vous pouvez cliquer sur l&rsquo;onglet \u00ab\u00a0Politique en mati\u00e8re de confidentialit\u00e9 et de cookies\u00a0\u00bb sur votre \u00e9cran. L&rsquo;avis de consentement s&rsquo;affichera \u00e0 nouveau, ce qui vous permettra de modifier vos pr\u00e9f\u00e9rences ou de retirer enti\u00e8rement votre consentement.&nbsp;En outre, les diff\u00e9rents navigateurs offrent diff\u00e9rentes m\u00e9thodes pour bloquer et supprimer les cookies utilis\u00e9s par les sites web. Vous pouvez modifier les param\u00e8tres de votre navigateur pour bloquer\/supprimer les cookies. Pour en savoir plus sur la mani\u00e8re de g\u00e9rer et de supprimer les cookies, consultez le site<a href=\"http:\/\/wikipedia.org\"> wikipedia.org<\/a>, <a href=\"http:\/\/www.allaboutcookies.org\">www.allaboutcookies.org<\/a>.<\/p>\n<p><\/p>\n<p><\/p>\n<p>En modifiant ou en publiant une publication, un cookie suppl\u00e9mentaire sera enregistr\u00e9 dans votre navigateur. Ce cookie ne comprend aucune donn\u00e9e personnelle. Il indique simplement l\u2019ID de la publication que vous venez de modifier. Il expire au bout d\u2019un jour.<\/p>\n<p><\/p>\n<p><\/p>\n<h4 class=\"wp-block-heading\">Contenu embarqu\u00e9 depuis d\u2019autres sites<\/h4>\n<p><\/p>\n<p><\/p>\n<p>Les articles de ce site peuvent inclure des contenus int\u00e9gr\u00e9s (par exemple des vid\u00e9os, images, articles\u2026). Le contenu int\u00e9gr\u00e9 depuis d\u2019autres sites se comporte de la m\u00eame mani\u00e8re que si le visiteur se rendait sur cet autre site.<\/p>\n<p><\/p>\n<p><\/p>\n<p>Ces sites web pourraient collecter des donn\u00e9es sur vous, utiliser des cookies, embarquer des outils de suivis tiers, suivre vos interactions avec ces contenus embarqu\u00e9s si vous disposez d\u2019un compte connect\u00e9 sur leur site web.<\/p>\n<p><\/p>\n<p><\/p>\n<p>Utilisation et transmission de vos donn\u00e9es personnelles<\/p>\n<p><\/p>\n<p><\/p>\n<p>Dur\u00e9es de stockage de vos donn\u00e9es<\/p>\n<p><\/p>\n<p><\/p>\n<p>Si vous laissez un commentaire, le commentaire et ses m\u00e9tadonn\u00e9es sont conserv\u00e9s ind\u00e9finiment. Cela permet de reconna\u00eetre et approuver automatiquement les commentaires suivants au lieu de les laisser dans la file de mod\u00e9ration.<\/p>\n<p><\/p>\n<p><\/p>\n<p>Pour les utilisateurs et utilisatrices qui s\u2019inscrivent sur notre site (si cela est possible), nous stockons \u00e9galement les donn\u00e9es personnelles indiqu\u00e9es dans leur profil. Tous les utilisateurs et utilisatrices peuvent voir, modifier ou supprimer leurs informations personnelles \u00e0 tout moment (\u00e0 l\u2019exception de leur nom d\u2019utilisateur\u00b7ice). Les gestionnaires du site peuvent aussi voir et modifier ces informations.<\/p>\n<p><\/p>\n<p><\/p>\n<h6 class=\"wp-block-heading\">Les droits que vous avez sur vos donn\u00e9es<\/h6>\n<p><\/p>\n<p><\/p>\n<p>Si vous avez un compte ou si vous avez laiss\u00e9 des commentaires sur le site, vous pouvez demander \u00e0 recevoir un fichier contenant toutes les donn\u00e9es personnelles que nous poss\u00e9dons \u00e0 votre sujet, incluant celles que vous nous avez fournies. Vous pouvez \u00e9galement demander la suppression des donn\u00e9es personnelles vous concernant. Cela ne prend pas en compte les donn\u00e9es stock\u00e9es \u00e0 des fins administratives, l\u00e9gales ou pour des raisons de s\u00e9curit\u00e9.<\/p>\n<p><\/p>\n<p><\/p>\n<h6 class=\"wp-block-heading\">Transmission de vos donn\u00e9es personnelles<\/h6>\n<p><\/p>\n<p><\/p>\n<p>Les commentaires des visiteurs peuvent \u00eatre v\u00e9rifi\u00e9s \u00e0 l\u2019aide d\u2019un service automatis\u00e9 de d\u00e9tection des commentaires ind\u00e9sirables.<\/p>\n<p><\/p>\t\t\t\t\t\t\t\t<\/div>\n\t\t\t\t<\/div>\n\t\t\t\t\t<\/div>\n\t\t<\/div>\n\t\t\t\t\t<\/div>\n\t\t<\/section>\n\t\t\t\t<\/div>\n\t\t","protected":false},"excerpt":{"rendered":"<p>Conform\u00e9ment aux dispositions des Articles 6-III et 19 de la Loi n\u00b02004-575 du 21 juin 2004 pour la Confiance dans l\u2019\u00e9conomie num\u00e9rique, dite L.C.E.N., il est port\u00e9 \u00e0 la connaissance des utilisateurs et visiteurs, ci-apr\u00e8s l\u2019 &nbsp;\u00abUtilisateur&nbsp;\u00bb, du site https:\/\/www.psychopathoado-bordeaux.fr, ci-apr\u00e8s le \u00ab\u00a0Site\u00a0\u00bb, les pr\u00e9sentes mentions l\u00e9gales. La connexion et la navigation sur le Site [&hellip;]<\/p>\n","protected":false},"author":1,"featured_media":0,"parent":0,"menu_order":0,"comment_status":"closed","ping_status":"closed","template":"","meta":{"footnotes":""},"class_list":["post-990","page","type-page","status-publish","hentry"],"yoast_head":"<!-- This site is optimized with the Yoast SEO plugin v26.2 - https:\/\/yoast.com\/wordpress\/plugins\/seo\/ -->\n<title>Mentions l\u00e9gales - CAPA<\/title>\n<meta name=\"robots\" content=\"index, follow, max-snippet:-1, max-image-preview:large, max-video-preview:-1\" \/>\n<link rel=\"canonical\" href=\"https:\/\/www.psychopathoado-bordeaux.fr\/index.php\/mentions-legales\/\" \/>\n<meta property=\"og:locale\" content=\"fr_FR\" \/>\n<meta property=\"og:type\" content=\"article\" \/>\n<meta property=\"og:title\" content=\"Mentions l\u00e9gales - CAPA\" \/>\n<meta property=\"og:description\" content=\"Conform\u00e9ment aux dispositions des Articles 6-III et 19 de la Loi n\u00b02004-575 du 21 juin 2004 pour la Confiance dans l\u2019\u00e9conomie num\u00e9rique, dite L.C.E.N., il est port\u00e9 \u00e0 la connaissance des utilisateurs et visiteurs, ci-apr\u00e8s l\u2019 &nbsp;\u00abUtilisateur&nbsp;\u00bb, du site https:\/\/www.psychopathoado-bordeaux.fr, ci-apr\u00e8s le \u00ab\u00a0Site\u00a0\u00bb, les pr\u00e9sentes mentions l\u00e9gales. La connexion et la navigation sur le Site [&hellip;]\" \/>\n<meta property=\"og:url\" content=\"https:\/\/www.psychopathoado-bordeaux.fr\/index.php\/mentions-legales\/\" \/>\n<meta property=\"og:site_name\" content=\"CAPA\" \/>\n<meta property=\"article:modified_time\" content=\"2022-07-03T13:40:01+00:00\" \/>\n<meta name=\"twitter:card\" content=\"summary_large_image\" \/>\n<meta name=\"twitter:label1\" content=\"Dur\u00e9e de lecture estim\u00e9e\" \/>\n\t<meta name=\"twitter:data1\" content=\"8 minutes\" \/>\n<script type=\"application\/ld+json\" class=\"yoast-schema-graph\">{\"@context\":\"https:\/\/schema.org\",\"@graph\":[{\"@type\":\"WebPage\",\"@id\":\"https:\/\/www.psychopathoado-bordeaux.fr\/index.php\/mentions-legales\/\",\"url\":\"https:\/\/www.psychopathoado-bordeaux.fr\/index.php\/mentions-legales\/\",\"name\":\"Mentions l\u00e9gales - CAPA\",\"isPartOf\":{\"@id\":\"https:\/\/www.psychopathoado-bordeaux.fr\/#website\"},\"datePublished\":\"2022-07-03T13:25:14+00:00\",\"dateModified\":\"2022-07-03T13:40:01+00:00\",\"breadcrumb\":{\"@id\":\"https:\/\/www.psychopathoado-bordeaux.fr\/index.php\/mentions-legales\/#breadcrumb\"},\"inLanguage\":\"fr-FR\",\"potentialAction\":[{\"@type\":\"ReadAction\",\"target\":[\"https:\/\/www.psychopathoado-bordeaux.fr\/index.php\/mentions-legales\/\"]}]},{\"@type\":\"BreadcrumbList\",\"@id\":\"https:\/\/www.psychopathoado-bordeaux.fr\/index.php\/mentions-legales\/#breadcrumb\",\"itemListElement\":[{\"@type\":\"ListItem\",\"position\":1,\"name\":\"Accueil\",\"item\":\"https:\/\/www.psychopathoado-bordeaux.fr\/\"},{\"@type\":\"ListItem\",\"position\":2,\"name\":\"Mentions l\u00e9gales\"}]},{\"@type\":\"WebSite\",\"@id\":\"https:\/\/www.psychopathoado-bordeaux.fr\/#website\",\"url\":\"https:\/\/www.psychopathoado-bordeaux.fr\/\",\"name\":\"CAPA - Coll\u00e8ge Aquitain de Psychopathologie de l'Adolescent\",\"description\":\"Coll\u00e8ge Aquitain de Psychopathologie de l&#039;Adolescent\",\"publisher\":{\"@id\":\"https:\/\/www.psychopathoado-bordeaux.fr\/#organization\"},\"potentialAction\":[{\"@type\":\"SearchAction\",\"target\":{\"@type\":\"EntryPoint\",\"urlTemplate\":\"https:\/\/www.psychopathoado-bordeaux.fr\/?s={search_term_string}\"},\"query-input\":{\"@type\":\"PropertyValueSpecification\",\"valueRequired\":true,\"valueName\":\"search_term_string\"}}],\"inLanguage\":\"fr-FR\"},{\"@type\":\"Organization\",\"@id\":\"https:\/\/www.psychopathoado-bordeaux.fr\/#organization\",\"name\":\"CAPA - Coll\u00e8ge Aquitain de Psychopathologie de l'Adolescent\",\"url\":\"https:\/\/www.psychopathoado-bordeaux.fr\/\",\"logo\":{\"@type\":\"ImageObject\",\"inLanguage\":\"fr-FR\",\"@id\":\"https:\/\/www.psychopathoado-bordeaux.fr\/#\/schema\/logo\/image\/\",\"url\":\"https:\/\/www.psychopathoado-bordeaux.fr\/wp-content\/uploads\/2022\/02\/logo-true-blue3-1.png\",\"contentUrl\":\"https:\/\/www.psychopathoado-bordeaux.fr\/wp-content\/uploads\/2022\/02\/logo-true-blue3-1.png\",\"width\":301,\"height\":300,\"caption\":\"CAPA - Coll\u00e8ge Aquitain de Psychopathologie de l'Adolescent\"},\"image\":{\"@id\":\"https:\/\/www.psychopathoado-bordeaux.fr\/#\/schema\/logo\/image\/\"}}]}<\/script>\n<!-- \/ Yoast SEO plugin. -->","yoast_head_json":{"title":"Mentions l\u00e9gales - CAPA","robots":{"index":"index","follow":"follow","max-snippet":"max-snippet:-1","max-image-preview":"max-image-preview:large","max-video-preview":"max-video-preview:-1"},"canonical":"https:\/\/www.psychopathoado-bordeaux.fr\/index.php\/mentions-legales\/","og_locale":"fr_FR","og_type":"article","og_title":"Mentions l\u00e9gales - CAPA","og_description":"Conform\u00e9ment aux dispositions des Articles 6-III et 19 de la Loi n\u00b02004-575 du 21 juin 2004 pour la Confiance dans l\u2019\u00e9conomie num\u00e9rique, dite L.C.E.N., il est port\u00e9 \u00e0 la connaissance des utilisateurs et visiteurs, ci-apr\u00e8s l\u2019 &nbsp;\u00abUtilisateur&nbsp;\u00bb, du site https:\/\/www.psychopathoado-bordeaux.fr, ci-apr\u00e8s le \u00ab\u00a0Site\u00a0\u00bb, les pr\u00e9sentes mentions l\u00e9gales. La connexion et la navigation sur le Site [&hellip;]","og_url":"https:\/\/www.psychopathoado-bordeaux.fr\/index.php\/mentions-legales\/","og_site_name":"CAPA","article_modified_time":"2022-07-03T13:40:01+00:00","twitter_card":"summary_large_image","twitter_misc":{"Dur\u00e9e de lecture estim\u00e9e":"8 minutes"},"schema":{"@context":"https:\/\/schema.org","@graph":[{"@type":"WebPage","@id":"https:\/\/www.psychopathoado-bordeaux.fr\/index.php\/mentions-legales\/","url":"https:\/\/www.psychopathoado-bordeaux.fr\/index.php\/mentions-legales\/","name":"Mentions l\u00e9gales - CAPA","isPartOf":{"@id":"https:\/\/www.psychopathoado-bordeaux.fr\/#website"},"datePublished":"2022-07-03T13:25:14+00:00","dateModified":"2022-07-03T13:40:01+00:00","breadcrumb":{"@id":"https:\/\/www.psychopathoado-bordeaux.fr\/index.php\/mentions-legales\/#breadcrumb"},"inLanguage":"fr-FR","potentialAction":[{"@type":"ReadAction","target":["https:\/\/www.psychopathoado-bordeaux.fr\/index.php\/mentions-legales\/"]}]},{"@type":"BreadcrumbList","@id":"https:\/\/www.psychopathoado-bordeaux.fr\/index.php\/mentions-legales\/#breadcrumb","itemListElement":[{"@type":"ListItem","position":1,"name":"Accueil","item":"https:\/\/www.psychopathoado-bordeaux.fr\/"},{"@type":"ListItem","position":2,"name":"Mentions l\u00e9gales"}]},{"@type":"WebSite","@id":"https:\/\/www.psychopathoado-bordeaux.fr\/#website","url":"https:\/\/www.psychopathoado-bordeaux.fr\/","name":"CAPA - Coll\u00e8ge Aquitain de Psychopathologie de l'Adolescent","description":"Coll\u00e8ge Aquitain de Psychopathologie de l&#039;Adolescent","publisher":{"@id":"https:\/\/www.psychopathoado-bordeaux.fr\/#organization"},"potentialAction":[{"@type":"SearchAction","target":{"@type":"EntryPoint","urlTemplate":"https:\/\/www.psychopathoado-bordeaux.fr\/?s={search_term_string}"},"query-input":{"@type":"PropertyValueSpecification","valueRequired":true,"valueName":"search_term_string"}}],"inLanguage":"fr-FR"},{"@type":"Organization","@id":"https:\/\/www.psychopathoado-bordeaux.fr\/#organization","name":"CAPA - Coll\u00e8ge Aquitain de Psychopathologie de l'Adolescent","url":"https:\/\/www.psychopathoado-bordeaux.fr\/","logo":{"@type":"ImageObject","inLanguage":"fr-FR","@id":"https:\/\/www.psychopathoado-bordeaux.fr\/#\/schema\/logo\/image\/","url":"https:\/\/www.psychopathoado-bordeaux.fr\/wp-content\/uploads\/2022\/02\/logo-true-blue3-1.png","contentUrl":"https:\/\/www.psychopathoado-bordeaux.fr\/wp-content\/uploads\/2022\/02\/logo-true-blue3-1.png","width":301,"height":300,"caption":"CAPA - Coll\u00e8ge Aquitain de Psychopathologie de l'Adolescent"},"image":{"@id":"https:\/\/www.psychopathoado-bordeaux.fr\/#\/schema\/logo\/image\/"}}]}},"_links":{"self":[{"href":"https:\/\/www.psychopathoado-bordeaux.fr\/index.php\/wp-json\/wp\/v2\/pages\/990","targetHints":{"allow":["GET"]}}],"collection":[{"href":"https:\/\/www.psychopathoado-bordeaux.fr\/index.php\/wp-json\/wp\/v2\/pages"}],"about":[{"href":"https:\/\/www.psychopathoado-bordeaux.fr\/index.php\/wp-json\/wp\/v2\/types\/page"}],"author":[{"embeddable":true,"href":"https:\/\/www.psychopathoado-bordeaux.fr\/index.php\/wp-json\/wp\/v2\/users\/1"}],"replies":[{"embeddable":true,"href":"https:\/\/www.psychopathoado-bordeaux.fr\/index.php\/wp-json\/wp\/v2\/comments?post=990"}],"version-history":[{"count":10,"href":"https:\/\/www.psychopathoado-bordeaux.fr\/index.php\/wp-json\/wp\/v2\/pages\/990\/revisions"}],"predecessor-version":[{"id":1004,"href":"https:\/\/www.psychopathoado-bordeaux.fr\/index.php\/wp-json\/wp\/v2\/pages\/990\/revisions\/1004"}],"wp:attachment":[{"href":"https:\/\/www.psychopathoado-bordeaux.fr\/index.php\/wp-json\/wp\/v2\/media?parent=990"}],"curies":[{"name":"wp","href":"https:\/\/api.w.org\/{rel}","templated":true}]}}